{"id":1452,"date":"2025-07-23T21:17:50","date_gmt":"2025-07-23T21:17:50","guid":{"rendered":"https:\/\/encuentroamafore-sx2nfbaj8z.live-website.com\/?page_id=1452"},"modified":"2025-08-10T10:25:37","modified_gmt":"2025-08-10T16:25:37","slug":"detalles-de-orden","status":"publish","type":"page","link":"https:\/\/encuentroamafore.mx\/en\/detalles-de-orden\/","title":{"rendered":"Detalles de Orden"},"content":{"rendered":"<div id=\"athemes-blocks-block-667ec4d0\" class=\"wp-block-athemes-athemes-blocks-block-container athemes-blocks-block athemes-blocks-block-667ec4d0 athemes-blocks-block-container alignfull gradient-bg\"><div class=\"athemes-blocks-block-container-wrapper athemes-blocks-block-container-bg-cover athemes-blocks-block-container-bg-effect-parallax\"><img loading=\"lazy\" decoding=\"async\" class=\"athemes-blocks-background-image\" width=\"2560\" height=\"1021\" src=\"https:\/\/encuentroamafore.mx\/wp-content\/uploads\/2025\/07\/Banner-de-registro-formulario.jpg\" srcset=\"https:\/\/encuentroamafore.mx\/wp-content\/uploads\/2025\/07\/Banner-de-registro-formulario-150x150.jpg 150w, https:\/\/encuentroamafore.mx\/wp-content\/uploads\/2025\/07\/Banner-de-registro-formulario-300x120.jpg 300w, https:\/\/encuentroamafore.mx\/wp-content\/uploads\/2025\/07\/Banner-de-registro-formulario-1024x408.jpg 1024w, https:\/\/encuentroamafore.mx\/wp-content\/uploads\/2025\/07\/Banner-de-registro-formulario-18x7.jpg 18w, https:\/\/encuentroamafore.mx\/wp-content\/uploads\/2025\/07\/Banner-de-registro-formulario-scaled.jpg 2560w, \" sizes=\"auto, (max-width: 2560px) 100vw, 2560px\" alt=\"\"\/><div class=\"athemes-blocks-block-container-wrapper-content\">\n<div class=\"wp-block-columns is-layout-flex wp-container-core-columns-is-layout-159f51c6 wp-block-columns-is-layout-flex\" style=\"margin-top:0\">\n<div class=\"wp-block-column is-vertically-aligned-bottom header-title-img is-layout-flow wp-block-column-is-layout-flow\" style=\"flex-basis:100%\"><div class=\"wp-block-image\">\n<figure class=\"alignright size-large is-resized\"><img loading=\"lazy\" decoding=\"async\" width=\"1024\" height=\"460\" src=\"https:\/\/encuentroamafore.mx\/wp-content\/uploads\/2025\/08\/online-registration-scaled.png\" alt=\"\" class=\"wp-image-1896\" style=\"width:750px\" srcset=\"https:\/\/encuentroamafore.mx\/wp-content\/uploads\/2025\/08\/online-registration-scaled.png 2560w, https:\/\/encuentroamafore.mx\/wp-content\/uploads\/2025\/08\/online-registration-300x124.png 300w, https:\/\/encuentroamafore.mx\/wp-content\/uploads\/2025\/08\/online-registration-1024x423.png 1024w, https:\/\/encuentroamafore.mx\/wp-content\/uploads\/2025\/08\/online-registration-768x317.png 768w, https:\/\/encuentroamafore.mx\/wp-content\/uploads\/2025\/08\/online-registration-1536x635.png 1536w, https:\/\/encuentroamafore.mx\/wp-content\/uploads\/2025\/08\/online-registration-2048x846.png 2048w, https:\/\/encuentroamafore.mx\/wp-content\/uploads\/2025\/08\/online-registration-18x7.png 18w, https:\/\/encuentroamafore.mx\/wp-content\/uploads\/2025\/08\/online-registration-1140x471.png 1140w, https:\/\/encuentroamafore.mx\/wp-content\/uploads\/2025\/08\/online-registration-920x380.png 920w, https:\/\/encuentroamafore.mx\/wp-content\/uploads\/2025\/08\/online-registration-575x238.png 575w, https:\/\/encuentroamafore.mx\/wp-content\/uploads\/2025\/08\/online-registration-380x157.png 380w\" sizes=\"auto, (max-width: 1024px) 100vw, 1024px\" \/><\/figure><\/div><\/div>\n<\/div>\n<\/div><\/div><\/div>\n\n\n\n<p class=\"has-text-align-center registered-title\" style=\"margin-top:var(--wp--preset--spacing--60);margin-bottom:0;font-size:22px\"><strong>Register confirmation<\/strong><\/p>\n\n\n\n<p class=\"has-text-align-center pre-registered-title\" style=\"margin-top:var(--wp--preset--spacing--60);margin-bottom:0;font-size:22px\"><strong>Pre-register confirmation<\/strong><\/p>\n\n\n\n<p class=\"has-text-align-center thanks-title has-text-color has-link-color wp-elements-fa921187468c39439f989b13c68cf37e\" style=\"color:#4f89d0;margin-top:0px;margin-bottom:0px;font-size:28px\"><strong>Thank you for registering for the Amafore 2025 Summit!<\/strong><\/p>\n\n\n\n<p class=\"has-text-align-center has-large-font-size\" style=\"margin-top:0;margin-bottom:0\">We confirm your registration to attend on November 12 and 13 at Centro Banamex.<\/p>\n\n\n\n<p style=\"margin-top:var(--wp--preset--spacing--70)\">Your participation has been registered with the following information:<\/p>\n\n\n<p>                <script type=\"text\/javascript\">\n                    jQuery( document ).ready( function( $ ) {\n                        $.post( tc_ajax.ajaxUrl, { action: 'tc_remove_order_session_data', nonce: tc_ajax.ajaxNonce }, function( data ) {} );\n                    } );\n                <\/script><br \/>\n            Order cannot be found.<\/p>\n\n\n\n\n<div id=\"athemes-blocks-block-586ce8ff\" class=\"wp-block-athemes-athemes-blocks-block-container athemes-blocks-block athemes-blocks-block-586ce8ff athemes-blocks-block-container alignfull payment-tabs-container\"><div class=\"athemes-blocks-block-container-wrapper athemes-blocks-block-container-bg-cover athemes-blocks-block-container-bg-effect-scroll\"><div class=\"athemes-blocks-block-container-wrapper-content\"><div class=\"payment-methods-tabs\"><style id=\"sp_tab_dynamic_style1744\">#sp-tabpro-wrapper_1744.sp-tab__lay-default .sp-tab__tab-content {width: 100%;}#sp-tabpro-wrapper_1744 .animated {-webkit-animation-duration: 500ms;animation-duration: 500ms;}#sp-wp-tabs-wrapper_1744 .sp-tab__nav {justify-content: start;}#sp-wp-tabs-wrapper_1744.sp-tab__lay-default.sp-tab__horizontal-bottom {display: flex;flex-direction: column-reverse;}#sp-wp-tabs-wrapper_1744.sp-tab__lay-default.sp-tab__horizontal-bottom > ul {border-top: 1px solid #cccccc;border-bottom: 0;margin-top: 0;}#sp-wp-tabs-wrapper_1744.sp-tab__lay-default.sp-tab__horizontal-bottom > ul > li .sp-tab__nav-link.sp-tab__active {border-color: transparent #cccccc#cccccc;margin-top: -1px;}#sp-wp-tabs-wrapper_1744.sp-tab__lay-default.sp-tab__horizontal-bottom > ul > li .sp-tab__nav-link,#sp-wp-tabs-wrapper_1744.sp-tab__lay-default.sp-tab__horizontal-bottom > ul > li a,#sp-wp-tabs-wrapper_1744.sp-tab__lay-default.sp-tab__horizontal-bottom > ul > .sp-tab__nav-item {border-top: 0;border-top-left-radius: 0;border-top-right-radius: 0;border-bottom-left-radius: 2px;border-bottom-right-radius: 2px;}#sp-wp-tabs-wrapper_1744.sp-tab__lay-default.sp-tab__horizontal-bottom > ul {border-bottom: none;}#sp-wp-tabs-wrapper_1744.sp-tab__lay-default.sp-tab__horizontal-bottom .sp-tab__tab-content .sp-tab__tab-pane {border-top: 1px solid #cccccc;border-bottom: 0;}#sp-wp-tabs-wrapper_1744.sp-tab__lay-default .sp-tab__tab-content .sp-tab-content > ul,#sp-wp-tabs-wrapper_1744.sp-tab__lay-default .sp-tab__tab-content .sp-tab-content > ol {border-bottom: none;}#sp-wp-tabs-wrapper_1744 > .sp-tab__nav-tabs .sp-tab__nav-link.sp-tab__active .sp-tab__tab_title,#sp-wp-tabs-wrapper_1744.sp-tab__lay-default .sp-tab__nav-link > .sp-tab__card-header {color: #444;}#sp-wp-tabs-wrapper_1744 .sp-tab__nav-tabs .sp-tab__nav-item.show .sp-tab__nav-link,#sp-wp-tabs-wrapper_1744.sp-tab__lay-default ul li .sp-tab__nav-link.sp-tab__active {border-color: #cccccc#cccccc transparent;}#sp-wp-tabs-wrapper_1744.sp-tab__lay-default > ul > li > .sp-tab__nav-link,#sp-wp-tabs-wrapper_1744.sp-tab__lay-default > ul > li > a {cursor: pointer;border-color: #cccccc;padding-top: 15px;padding-right: 15px;padding-bottom: 15px;padding-left: 15px;}#sp-wp-tabs-wrapper_1744 > .sp-tab__nav-tabs .sp-tab__nav-link {border: 1px solid #cccccc;height: 100%;}#sp-wp-tabs-wrapper_1744.sp-tab__lay-default > ul > li .sp-tab__nav-link,#sp-wp-tabs-wrapper_1744.sp-tab__lay-default > ul > li a,#sp-wp-tabs-wrapper_1744.sp-tab__lay-default > ul > .sp-tab__nav-item {border-top-left-radius: 2px;border-top-right-radius: 2px;}#sp-wp-tabs-wrapper_1744 .sp-tab__nav-tabs .sp-tab__nav-item {margin-bottom: -1px; }#sp-wp-tabs-wrapper_1744.sp-tab__lay-default > ul .sp-tab__nav-item {margin-right: 10px;margin-top: 5px;}#sp-wp-tabs-wrapper_1744.sp-tab__lay-default.sp-tab__horizontal-bottom > ul .sp-tab__nav-item {margin-right: 10px;margin-top: 0;}#sp-wp-tabs-wrapper_1744.sp-tab__lay-default > ul .sp-tab__nav-item .sp-tab__nav-link:hover .sp-tab__tab_title,#sp-wp-tabs-wrapper_1744.sp-tab__lay-default > ul .sp-tab__nav-item a:hover .sp-tab__tab_title,#sp-wp-tabs-wrapper_1744.sp-tab__lay-default .sp-tab__nav-link.collapsed .sp-tab__card-header:hover {color: #444;transition: .3s;}#sp-wp-tabs-wrapper_1744.sp-tab__lay-default > ul .sp-tab__nav-item,#sp-wp-tabs-wrapper_1744.sp-tab__lay-default .sp-tab__nav-link.collapsed > .sp-tab__card-header {background-color: #eee;transition: 0.3s;}#sp-wp-tabs-wrapper_1744 > .sp-tab__nav-tabs > .sp-tab__nav-item.show .sp-tab__nav-link,#sp-wp-tabs-wrapper_1744 > .sp-tab__nav-tabs > .sp-tab__nav-item .sp-tab__nav-link.sp-tab__active,#sp-wp-tabs-wrapper_1744.sp-tab__lay-default .sp-tab__nav-link > .sp-tab__card-header {background-color: #fff;}#sp-tabs-wrapper_1744.sp-tab__lay-default > ul .sp-tab__nav-item .sp-tab__nav-link:not(.sp-tab__active):hover,#sp-tabs-wrapper_1744.sp-tab__lay-default .sp-tab__tab-content > .sp-tab__tab-pane .sp-tab__card-header:hover {background-color: #fff;}#sp-wp-tabs-wrapper_1744.sp-tab__lay-default > ul .sp-tab__nav-item:not(.sp-tab__active):hover,#sp-wp-tabs-wrapper_1744.sp-tab__lay-default .sp-tab__nav-link.collapsed > .sp-tab__card-header:hover {background-color: #fff;}#sp-wp-tabs-wrapper_1744.sp-tab__lay-default > ul .sp-tab__nav-item:last-child {margin-right: 0;}#sp-wp-tabs-wrapper_1744.sp-tab__lay-default > .sp-tab__tab-content .sp-tab__tab-pane {border: 1px solid #cccccc;padding-top: 20px;padding-right: 20px;padding-bottom: 20px;padding-left: 20px;border-top: 0px;background-color: #ffffff;}#sp-wp-tabs-wrapper_1744.sp-tab__lay-default > ul {border-bottom: 1px solid #cccccc;}@media(max-width:480px) {#sp-wp-tabs-wrapper_1744.sp-tab__lay-default > ul li.sp-tab__nav-item {width: 100%;margin-right: 0px;}#sp-wp-tabs-wrapper_1744.sp-tab__lay-default > ul li.sp-tab__nav-item:last-child {margin-bottom: -1px;}}#poststuff h2.sp-tab__section_title_1744, h2.sp-tab__section_title_1744 ,.editor-styles-wrapper .wp-block h2.sp-tab__section_title_1744{margin-bottom: 30px !important;font-weight: 600;font-style: normal;font-size: 28px;line-height: 28px;letter-spacing: 0px;padding: 0;color: #444444;}#sp-wp-tabs-wrapper_1744.sp-tab__lay-default > ul .sp-tab__nav-item .sp-tab__tab_title,#sp-wp-tabs-wrapper_1744.sp-tab__lay-default span > .sp-tab__card-header {font-weight: 600;font-style: normal;font-size: 16px;line-height: 22px;letter-spacing: 0px;color: #444;margin: 0px;}#sp-wp-tabs-wrapper_1744.sp-tab__lay-default > .sp-tab__tab-content .sp-tab__tab-pane,#sp-wp-tabs-wrapper_1744.sp-tab__lay-default > .sp-tab__tab-content .sp-tab__tab-pane p {font-weight: 400;font-style: normal;font-size: 16px;line-height: 24px;letter-spacing: 0px;color: #444;}#sp-wp-tabs-wrapper_1744.sp-tab__lay-default > .sp-tab__tab-content .sp-tab__tab-pane ul li a, #sp-wp-tabs-wrapper_1744.sp-tab__lay-default .sp-tab__tab-content .sp-tab__tab-pane ol li a {color: #444;}<\/style>\t<h2 class=\"sp-tab__section_title_1744\"> Payment methods<\/h2>\n\t\t\t<div id=\"sp-wp-tabs-wrapper_1744\" class=\"sp-tab__lay-default\" data-preloader=\"1\" data-activemode=\"tabs-activator-event-click\" data-anchor_linking=\"1\">\n\t\t\t<div class=\"sp-tab__preloader\">\n\t\t<div class=\"sp-tab__spinner\">\n\t\t\t<div class=\"rect1\"><\/div>\n\t\t\t<div class=\"rect2\"><\/div>\n\t\t\t<div class=\"rect3\"><\/div>\n\t\t\t<div class=\"rect4\"><\/div>\n\t\t\t<div class=\"rect5\"><\/div>\n\t\t<\/div>\n\t<\/div>\n\t<ul class=\"sp-tab__nav sp-tab__nav-tabs\" id=\"sp-tab__ul\" role=\"tablist\">\n\t\t\t\t<li class=\"sp-tab__nav-item\" role=\"presentation\">\n\t\t\t\t<span class=\"sp-tab__nav-link sp-tab__active\" data-sptoggle=\"tab\" for=\"#tab-17441\" role=\"tab\" aria-controls=\"tab-17441\" aria-selected=\"true\" tabindex=\"0\">\n\t\t\t\t\t<span class=\"tab_title_area\"><h4 class=\"sp-tab__tab_title\">Card<\/h4><\/span>\n\t\t\t\t<\/span>\n\t\t\t<\/li>\n\t\t\t\t\t\t<li class=\"sp-tab__nav-item\" role=\"presentation\">\n\t\t\t\t<span class=\"sp-tab__nav-link\" data-sptoggle=\"tab\" for=\"#tab-17442\" role=\"tab\" aria-controls=\"tab-17442\" aria-selected=\"true\" tabindex=\"0\">\n\t\t\t\t\t<span class=\"tab_title_area\"><h4 class=\"sp-tab__tab_title\">Transfer (with receipt)<\/h4><\/span>\n\t\t\t\t<\/span>\n\t\t\t<\/li>\n\t\t\t<\/ul>\n<div class=\"sp-tab__tab-content\">\n\t\t\t\t<div id=\"tab-17441\" class=\"sp-tab__tab-pane sp-tab__show sp-tab__active\" role=\"tabpanel\">\n\t\t\t\t\t<div class=\"sp-tab-content animated fadeIn\"><div class=\"stripe-wrapper\"><\/div>\n<\/div>\n\t\t\t\t<\/div>\n\t\t\t\t\t\t\t\t<div id=\"tab-17442\" class=\"sp-tab__tab-pane\" role=\"tabpanel\">\n\t\t\t\t\t<div class=\"sp-tab-content animated fadeIn\"><p>Transferencia o dep\u00f3sito bancario:<br \/>\nEnv\u00eda el comprobante de dep\u00f3sito o transferencia junto con tu id de registro (_) y nombre completo a judith@vansi.mx.<br \/>\nLos datos bancarios son los siguientes:<\/p>\n<p>\u2022 Titular de la cuenta: VANSI EXPERIENCE MARKETING, SA DE CV<br \/>\n\u2022 Banco: BBVA M\u00e9xico, S.A.<br \/>\n\u2022 Sucursal: 1708 Centro Pyme Coapa, CDMX<br \/>\n\u2022 N\u00famero de cuenta: 0120714461<br \/>\n\u2022 CLABE interbancaria: 012180001207144618<br \/>\n\u2022 C\u00f3digo SWIFT: BCMRMXMMPYM<\/p>\n<p>Informaci\u00f3n de Contacto Para cualquier pregunta o asistencia, por favor contacta a nuestra Oficina de Atenci\u00f3n al participante:<br \/>\nMarlen: marlen@vansi.mx<br \/>\nJudith:\u00a0judith@vansi.mx<\/p>\n<\/div>\n\t\t\t\t<\/div>\n\t\t\t\t<\/div>\n\t\t<\/div>\n\t\t<\/div><\/div><\/div><\/div>\n\n\n\n<p class=\"pre-registered-caption\" style=\"margin-top:var(--wp--preset--spacing--70)\"><mark style=\"background-color:rgba(0, 0, 0, 0);color:#ff0000\" class=\"has-inline-color\">*<\/mark>Venue: Centro Banamex - Av. del Conscripto 311, Lomas de Sotelo, Mexico City<br>IMPORTANT: You will soon receive an email with your registration confirmation.<br>If you have any questions or need assistance, please don\u2019t hesitate to contact us at: Marlen@vansi.mx<\/p>\n\n\n\n<div class=\"wp-block-buttons is-content-justification-center is-layout-flex wp-container-core-buttons-is-layout-0025b4b8 wp-block-buttons-is-layout-flex\" style=\"margin-top:var(--wp--preset--spacing--60);margin-bottom:100px\">\n<div class=\"wp-block-button\"><a class=\"wp-block-button__link wp-element-button\" href=\"\/en\/registro\/\">Register another participant<\/a><\/div>\n<\/div>","protected":false},"excerpt":{"rendered":"<p>Confirmaci\u00f3n de Registro Confirmaci\u00f3n de Pre-registro \u00a1Gracias por registrarte al Encuentro Amafore 2025! Confirmamos tu inscripci\u00f3n para asistir los d\u00edas 12 y 13 de noviembre en Centro Banamex. Tu participaci\u00f3n [&hellip;]<\/p>","protected":false},"author":2,"featured_media":0,"parent":0,"menu_order":0,"comment_status":"closed","ping_status":"closed","template":"","meta":{"footnotes":""},"class_list":["post-1452","page","type-page","status-publish","hentry"],"_links":{"self":[{"href":"https:\/\/encuentroamafore.mx\/en\/wp-json\/wp\/v2\/pages\/1452","targetHints":{"allow":["GET"]}}],"collection":[{"href":"https:\/\/encuentroamafore.mx\/en\/wp-json\/wp\/v2\/pages"}],"about":[{"href":"https:\/\/encuentroamafore.mx\/en\/wp-json\/wp\/v2\/types\/page"}],"author":[{"embeddable":true,"href":"https:\/\/encuentroamafore.mx\/en\/wp-json\/wp\/v2\/users\/2"}],"replies":[{"embeddable":true,"href":"https:\/\/encuentroamafore.mx\/en\/wp-json\/wp\/v2\/comments?post=1452"}],"version-history":[{"count":25,"href":"https:\/\/encuentroamafore.mx\/en\/wp-json\/wp\/v2\/pages\/1452\/revisions"}],"predecessor-version":[{"id":2714,"href":"https:\/\/encuentroamafore.mx\/en\/wp-json\/wp\/v2\/pages\/1452\/revisions\/2714"}],"wp:attachment":[{"href":"https:\/\/encuentroamafore.mx\/en\/wp-json\/wp\/v2\/media?parent=1452"}],"curies":[{"name":"wp","href":"https:\/\/api.w.org\/{rel}","templated":true}]}}