{"id":1463,"date":"2025-07-23T21:20:53","date_gmt":"2025-07-23T21:20:53","guid":{"rendered":"https:\/\/encuentroamafore-sx2nfbaj8z.live-website.com\/?page_id=1463"},"modified":"2025-11-11T19:39:27","modified_gmt":"2025-11-12T01:39:27","slug":"registro","status":"publish","type":"page","link":"https:\/\/encuentroamafore.mx\/en\/registro\/","title":{"rendered":"Registration"},"content":{"rendered":"<div id=\"athemes-blocks-block-94adf3f3\" class=\"wp-block-athemes-athemes-blocks-block-container athemes-blocks-block athemes-blocks-block-94adf3f3 athemes-blocks-block-container alignfull gradient-bg\"><div class=\"athemes-blocks-block-container-wrapper athemes-blocks-block-container-bg-cover athemes-blocks-block-container-bg-effect-parallax\"><img loading=\"lazy\" decoding=\"async\" class=\"athemes-blocks-background-image\" width=\"2560\" height=\"1021\" src=\"https:\/\/encuentroamafore.mx\/wp-content\/uploads\/2025\/07\/Banner-de-registro-formulario.jpg\" srcset=\"https:\/\/encuentroamafore.mx\/wp-content\/uploads\/2025\/07\/Banner-de-registro-formulario-150x150.jpg 150w, https:\/\/encuentroamafore.mx\/wp-content\/uploads\/2025\/07\/Banner-de-registro-formulario-300x120.jpg 300w, https:\/\/encuentroamafore.mx\/wp-content\/uploads\/2025\/07\/Banner-de-registro-formulario-1024x408.jpg 1024w, https:\/\/encuentroamafore.mx\/wp-content\/uploads\/2025\/07\/Banner-de-registro-formulario-18x7.jpg 18w, https:\/\/encuentroamafore.mx\/wp-content\/uploads\/2025\/07\/Banner-de-registro-formulario-scaled.jpg 2560w, \" sizes=\"auto, (max-width: 2560px) 100vw, 2560px\" alt=\"\"\/><div class=\"athemes-blocks-block-container-wrapper-content\">\n<div class=\"wp-block-columns is-layout-flex wp-container-core-columns-is-layout-159f51c6 wp-block-columns-is-layout-flex\" style=\"margin-top:0\">\n<div class=\"wp-block-column is-vertically-aligned-bottom header-title-img is-layout-flow wp-block-column-is-layout-flow\" style=\"flex-basis:100%\"><div class=\"wp-block-image\">\n<figure class=\"alignright size-large is-resized\"><img loading=\"lazy\" decoding=\"async\" width=\"1024\" height=\"460\" src=\"https:\/\/encuentroamafore.mx\/wp-content\/uploads\/2025\/08\/online-registration-scaled.png\" alt=\"\" class=\"wp-image-1896\" style=\"width:750px\" srcset=\"https:\/\/encuentroamafore.mx\/wp-content\/uploads\/2025\/08\/online-registration-scaled.png 2560w, https:\/\/encuentroamafore.mx\/wp-content\/uploads\/2025\/08\/online-registration-300x124.png 300w, https:\/\/encuentroamafore.mx\/wp-content\/uploads\/2025\/08\/online-registration-1024x423.png 1024w, https:\/\/encuentroamafore.mx\/wp-content\/uploads\/2025\/08\/online-registration-768x317.png 768w, https:\/\/encuentroamafore.mx\/wp-content\/uploads\/2025\/08\/online-registration-1536x635.png 1536w, https:\/\/encuentroamafore.mx\/wp-content\/uploads\/2025\/08\/online-registration-2048x846.png 2048w, https:\/\/encuentroamafore.mx\/wp-content\/uploads\/2025\/08\/online-registration-18x7.png 18w, https:\/\/encuentroamafore.mx\/wp-content\/uploads\/2025\/08\/online-registration-1140x471.png 1140w, https:\/\/encuentroamafore.mx\/wp-content\/uploads\/2025\/08\/online-registration-920x380.png 920w, https:\/\/encuentroamafore.mx\/wp-content\/uploads\/2025\/08\/online-registration-575x238.png 575w, https:\/\/encuentroamafore.mx\/wp-content\/uploads\/2025\/08\/online-registration-380x157.png 380w\" sizes=\"auto, (max-width: 1024px) 100vw, 1024px\" \/><\/figure><\/div><\/div>\n<\/div>\n<\/div><\/div><\/div>\n\n\n\n<p class=\"has-text-align-center register-title-text has-larger-font-size\" style=\"margin-top:var(--wp--preset--spacing--70);margin-right:0;margin-bottom:0\"><strong><mark style=\"background-color:rgba(0, 0, 0, 0);color:#000000\" class=\"has-inline-color\">Participant<\/mark><\/strong><br><strong>Cost: MXN 18,500<\/strong><\/p>\n\n\n\n<p class=\"has-text-align-center has-large-font-size\" style=\"margin-top:0;margin-bottom:var(--wp--preset--spacing--20)\">Please complete the following form and be sure to add any applicable discount codes prior to filling in the fields with your personal information.<\/p>\n\n\n<div class=\"tc_cart_errors\"><\/div>\n<div class=\"cart_empty_message\">The cart is empty.<\/div>\n\n\n\n\n            <div class=\"tc-add-to-cart-group-wrap\"><\/div>\r\n            <div class=\"tc-add-to-cart-wrap tickera\" style=\"\">\r\n                <form class=\"cart_form\" action=\"\"><input type=\"hidden\" id=\"nonce\" name=\"nonce\" value=\"c50f641cf1\" \/><input type=\"hidden\" name=\"_wp_http_referer\" value=\"\/en\/wp-json\/wp\/v2\/pages\/1463\" \/><a href=\"#\" class=\"add_to_cart\" data-button-type=\"buynow\" data-open-method=\"regular\" id=\"ticket_1260\"><span class=\"title\">Add to Cart<\/span><\/a><input type=\"hidden\" name=\"ticket_id\" class=\"ticket_id\" value=\"1260\" \/><input type=\"hidden\" name=\"trp-form-language\" value=\"en\"\/><\/form>            <\/div>\r\n            \n\n\n\n<p style=\"margin-bottom:var(--wp--preset--spacing--80)\"><br>Once you complete your registration, we will send you a confirmation email. Please check your inbox as well as your SPAM folder to make sure you received it correctly.<\/p>","protected":false},"excerpt":{"rendered":"<p>Participante Amafore 2025Costo: $18,500.00 pesos MXN. Por favor, complete el formulario y, si dispone de un c\u00f3digo de descuento, introd\u00fazcalo y apl\u00edquelo antes de llenar sus datos Una vez completes [&hellip;]<\/p>","protected":false},"author":2,"featured_media":0,"parent":0,"menu_order":0,"comment_status":"closed","ping_status":"closed","template":"","meta":{"footnotes":""},"class_list":["post-1463","page","type-page","status-publish","hentry"],"_links":{"self":[{"href":"https:\/\/encuentroamafore.mx\/en\/wp-json\/wp\/v2\/pages\/1463","targetHints":{"allow":["GET"]}}],"collection":[{"href":"https:\/\/encuentroamafore.mx\/en\/wp-json\/wp\/v2\/pages"}],"about":[{"href":"https:\/\/encuentroamafore.mx\/en\/wp-json\/wp\/v2\/types\/page"}],"author":[{"embeddable":true,"href":"https:\/\/encuentroamafore.mx\/en\/wp-json\/wp\/v2\/users\/2"}],"replies":[{"embeddable":true,"href":"https:\/\/encuentroamafore.mx\/en\/wp-json\/wp\/v2\/comments?post=1463"}],"version-history":[{"count":51,"href":"https:\/\/encuentroamafore.mx\/en\/wp-json\/wp\/v2\/pages\/1463\/revisions"}],"predecessor-version":[{"id":3994,"href":"https:\/\/encuentroamafore.mx\/en\/wp-json\/wp\/v2\/pages\/1463\/revisions\/3994"}],"wp:attachment":[{"href":"https:\/\/encuentroamafore.mx\/en\/wp-json\/wp\/v2\/media?parent=1463"}],"curies":[{"name":"wp","href":"https:\/\/api.w.org\/{rel}","templated":true}]}}